{"id":1744,"date":"2024-09-30T12:28:26","date_gmt":"2024-09-30T09:28:26","guid":{"rendered":"https:\/\/dev.quart.ro\/samburesti\/politica-de-confidentialitate\/"},"modified":"2024-11-28T18:50:59","modified_gmt":"2024-11-28T16:50:59","slug":"privacy-policy","status":"publish","type":"page","link":"https:\/\/samburesti.com\/en\/privacy-policy\/","title":{"rendered":"Privacy policy"},"content":{"rendered":"\n<h3 class=\"wp-block-heading\"><strong>Politica de confiden\u021bialitate a site-ului<\/strong><\/h3>\n\n\n\n<p>Aceast\u0103 politic\u0103 de confiden\u021bialitate v\u0103 informeaz\u0103 despre informa\u021biile pe care le colect\u0103m de la dvs. atunci c\u00e2nd utiliza\u021bi site-ul nostru. \u00cen colectarea acestor informa\u021bii, noi ac\u021bion\u0103m \u00een calitate de operator de date personale \u0219i, prin lege, suntem obliga\u021bi s\u0103 v\u0103 furniz\u0103m informa\u021bii despre noi, despre scopul \u0219i modul \u00een care folosim datele dvs. \u0219i despre drepturile pe care le ave\u021bi asupra datelor dvs. personale.<\/p>\n\n\n\n<h3 class=\"wp-block-heading\">1. <strong>Cine suntem noi?<\/strong><\/h3>\n\n\n\n<p>Numele organiza\u021biei: <strong>VITI-POMICOLA SAMBURESTI SA<\/strong><br>Num\u0103r \u00eenregistrare Registrul Comer\u021bului: <strong>J28\/389\/04.06.1991<\/strong><br>Cod unic de identificare: <strong>RO1540912<\/strong><br>Adres\u0103: <strong>Sat Campu Mare Comuna Dobroteasa<\/strong><br>E-mail: <strong>office@samburesti.com<\/strong><br>Telefon: <strong>+40 249 469 180<\/strong><\/p>\n\n\n\n<h3 class=\"wp-block-heading\">2. <strong>Cum folosim informa\u021biile dvs.?<\/strong><\/h3>\n\n\n\n<p><strong>2.1 C\u00e2nd folosi\u021bi site-ul nostru<br><\/strong>Atunci c\u00e2nd utiliza\u021bi site-ul nostru pentru a c\u0103uta produsele \u0219i serviciile noastre \u0219i pentru a vizualiza informa\u021biile pe care le punem la dispozi\u021bie, un num\u0103r de cookie-uri sunt utilizate de noi (cookies first party) \u0219i de ter\u021be p\u0103r\u021bi (cookies third party) pentru a permite func\u021bionarea site-ului, pentru a colecta informa\u021bii utile despre vizitatori \u0219i pentru a v\u0103 oferi o experien\u021b\u0103 c\u00e2t mai bun\u0103 \u00een utilizarea site-ului nostru.<\/p>\n\n\n\n<p>Unele dintre cookie-urile pe care le folosim sunt strict necesare pentru ca site-ul nostru s\u0103 func\u021bioneze \u0219i nu v\u0103 cerem consim\u021b\u0103m\u00e2ntul de a le introduce \u00een calculatorul dvs. Cu toate acestea, pentru acele cookie-uri care sunt utile, dar nu strict necesare, vom cere mereu consim\u021b\u0103m\u00e2ntul dvs. \u00eenainte de a le plasa. Pe l\u00e2ng\u0103 cookie-urile pe care le folosim, lucr\u00e2nd cu ter\u021be p\u0103r\u021bi pentru a v\u0103 oferi o experien\u021b\u0103 oportun\u0103, acestea plaseaz\u0103 diverse cookie-urile \u00een calculatorul dvs., \u00eens\u0103 doar cu consim\u021b\u0103m\u00e2ntul dvs.<\/p>\n\n\n<div class=\"wp-block-image\">\n<figure class=\"aligncenter size-large\"><img loading=\"lazy\" decoding=\"async\" width=\"852\" height=\"1024\" src=\"https:\/\/samburesti.com\/wp-content\/uploads\/2024\/09\/Samburesti-Politica-Confidentialitate-852x1024.webp\" alt=\"\" class=\"wp-image-1109\" srcset=\"https:\/\/samburesti.com\/wp-content\/uploads\/2024\/09\/Samburesti-Politica-Confidentialitate-852x1024.webp 852w, https:\/\/samburesti.com\/wp-content\/uploads\/2024\/09\/Samburesti-Politica-Confidentialitate-250x300.webp 250w, https:\/\/samburesti.com\/wp-content\/uploads\/2024\/09\/Samburesti-Politica-Confidentialitate-768x923.webp 768w, https:\/\/samburesti.com\/wp-content\/uploads\/2024\/09\/Samburesti-Politica-Confidentialitate-1278x1536.webp 1278w, https:\/\/samburesti.com\/wp-content\/uploads\/2024\/09\/Samburesti-Politica-Confidentialitate-1200x1442.webp 1200w, https:\/\/samburesti.com\/wp-content\/uploads\/2024\/09\/Samburesti-Politica-Confidentialitate.webp 1568w\" sizes=\"auto, (max-width: 852px) 100vw, 852px\" \/><\/figure>\n<\/div>\n\n\n<p><strong>2.2 C\u00e2nd trimite\u021bi o solicitare prin intermediul site-ului nostru<br><\/strong>C\u00e2nd trimite\u021bi o solicitare prin intermediul site-ului nostru, v\u0103 solicit\u0103m numele dvs. \u0219i adresa de e-mail.<\/p>\n\n\n\n<p>Utiliz\u0103m aceste informa\u021bii pentru a r\u0103spunde cererii dvs., inclusiv furnizarea de informa\u021bii despre produsele \u0219i serviciile noastre. Putem s\u0103 v\u0103 trimitem un e-mail de mai multe ori dup\u0103 ce a\u021bi f\u0103cut o solicitare, pentru a ne asigura c\u0103 am r\u0103spuns la \u00eentrebarea dvs. \u0219i pentru a \u00eembun\u0103t\u0103\u021bi experien\u021ba utilizatorilor no\u0219tri.<\/p>\n\n\n\n<p>Solicitarea dvs. este stocat\u0103 \u0219i procesat\u0103 in Scopurile de Prelucrare descrise in aceasta Politica de Confidentialitate si poate fi stocate pe servere situate in strainatate sau transferate catre entitati afiliate avand sediul in afara Uniunii Europene. In situatia transferului de Date catre state terte, ti se va comunica intentia de transfer precum si statele terte vizate, scopul transferului si solicitarea consimtamantului, atunci cand un astfel de consimtamant este necesar potrivit dispozitiilor legale in vigoare.<\/p>\n\n\n\n<p>Nu folosim informa\u021biile furnizate de dvs. pentru a lua decizii automate care ar putea s\u0103 v\u0103 afecteze.<\/p>\n\n\n\n<p>Men\u021binem e-mailurile venite din solicit\u0103ri timp de doi ani, dup\u0103 care sunt arhivate \u00een siguran\u021b\u0103 \u0219i p\u0103strate timp de zece ani, c\u00e2nd le \u0219tergem. \u00cenregistr\u0103rile de tip CRM sunt p\u0103strate timp de cinci ani de la ultimul contact cu dvs.<\/p>\n\n\n\n<h3 class=\"wp-block-heading\">3. <strong>Drepturile dvs. ca persoan\u0103 vizat\u0103<\/strong><\/h3>\n\n\n\n<p>Ne pute\u021bi \u00eentreba ce informa\u021bii avem despre dumneavoastr\u0103 \u0219i ne pute\u021bi cere s\u0103 le corect\u0103m dac\u0103 sunt inexacte. Dac\u0103 v-am cerut consim\u021b\u0103m\u00e2ntul dvs. pentru a procesa datele personale, pute\u021bi retrage acest consim\u021b\u0103m\u00e2nt \u00een orice moment.<\/p>\n\n\n\n<p>Dac\u0103 prelucr\u0103m datele dvs. personale pentru a \u00eendeplini un contract sau \u00een temeiul consim\u021b\u0103m\u00e2ntului, pute\u021bi s\u0103 ne cere\u021bi s\u0103 v\u0103 oferim o copie a informa\u021biilor \u00eentr-un format care s\u0103 poat\u0103 fi citit, astfel \u00eenc\u00e2t s\u0103 \u00eel pute\u021bi transfera altui furnizor.<\/p>\n\n\n\n<p>Dac\u0103 prelucr\u0103m datele dvs. personale pe baz\u0103 de consim\u021b\u0103m\u00e2nt sau de interes legitim, pute\u021bi solicita \u0219tergerea datelor dvs.<\/p>\n\n\n\n<p>Ave\u021bi dreptul s\u0103 ne cere\u021bi s\u0103 nu mai folosim informa\u021biile dvs. pentru o perioad\u0103 de timp dac\u0103 crede\u021bi c\u0103 nu facem acest lucru \u00een mod legal.<\/p>\n\n\n\n<p>\u00cen cele din urm\u0103, \u00een anumite circumstan\u021be, pute\u021bi s\u0103 ne cere\u021bi s\u0103 nu lu\u0103m decizii care s\u0103 v\u0103 afecteze utiliz\u00e2ndu-v\u0103 prelucrarea automatizat\u0103 sau profilarea.<\/p>\n\n\n\n<p>Pentru a trimite o solicitare privind datele dvs. personale prin e-mail, po\u0219t\u0103 sau telefon, utiliza\u021bi informa\u021biile de contact furnizate mai sus \u00een sec\u021biunea Cine suntem noi \u00een aceast\u0103 politic\u0103.<\/p>\n\n\n\n<h3 class=\"wp-block-heading\">4. <strong>Dreptul t\u0103u de a depune pl\u00e2ngere<\/strong><\/h3>\n\n\n\n<p>Dac\u0103 ave\u021bi o pl\u00e2ngere cu privire la utilizarea de c\u0103tre dvs. a informa\u021biilor dvs., am prefera s\u0103 ne contacta\u021bi prima oar\u0103 pe noi, pentru a putea remedia \u00een mod amiabil cererea. Cu toate acestea, pute\u021bi, de asemenea, s\u0103 contacta\u021bi Autoritatea Na\u0163ional\u0103 de Supraveghere a Prelucr\u0103rii Datelor cu Caracter Personal pentru Informa\u021bii prin intermediul site-ului lor la http:\/\/www.dataprotection.ro\/ sau s\u0103 le scrie\u021bi la adresa:<\/p>\n\n\n\n<p><strong>B-dul G-ral. Gheorghe Magheru 28-30, Sector 1, cod po\u0219tal 010336, Bucure\u0219ti, Romania<\/strong><\/p>\n\n\n\n<h3 class=\"wp-block-heading\">5. <strong>Actualiz\u0103ri la aceast\u0103 politic\u0103 de confiden\u021bialitate<\/strong><\/h3>\n\n\n\n<p>Revizuim regulat \u0219i, dac\u0103 este cazul, actualiz\u0103m periodic aceast\u0103 politic\u0103 de confiden\u021bialitate atunci c\u00e2nd intervin modific\u0103ri \u00een urma prest\u0103rii servicii. Dac\u0103 vrem s\u0103 folosim datele dvs. personale \u00eentr-un mod pe care nu l-am identificat anterior, v\u0103 vom contacta pentru a v\u0103 oferi informa\u021bii despre acest lucru \u0219i, dac\u0103 este necesar, pentru a v\u0103 solicita acordul.<\/p>\n\n\n\n<p>Vom actualiza num\u0103rul versiunii \u0219i data acestui document de fiecare dat\u0103 c\u00e2nd acesta este modificat.<\/p>\n\n\n\n<p><strong>Politic\u0103 aprobat\u0103 \u00een data de: 25\/05\/2018<br>Politica devine opera\u021bional\u0103 din data de: 25\/05\/2018<\/strong><\/p>\n","protected":false},"excerpt":{"rendered":"<p>Politica de confiden\u021bialitate a site-ului Aceast\u0103 politic\u0103 de confiden\u021bialitate v\u0103 informeaz\u0103 despre informa\u021biile pe care le colect\u0103m de la dvs. atunci c\u00e2nd utiliza\u021bi site-ul nostru. \u00cen colectarea acestor informa\u021bii, noi ac\u021bion\u0103m \u00een calitate de operator de date personale \u0219i, prin lege, suntem obliga\u021bi s\u0103 v\u0103 furniz\u0103m informa\u021bii despre noi, despre scopul \u0219i modul \u00een care [&hellip;]<\/p>\n","protected":false},"author":2,"featured_media":0,"parent":0,"menu_order":79,"comment_status":"closed","ping_status":"closed","template":"","meta":{"_acf_changed":false,"inline_featured_image":false,"footnotes":""},"class_list":["post-1744","page","type-page","status-publish","hentry"],"acf":[],"_links":{"self":[{"href":"https:\/\/samburesti.com\/en\/wp-json\/wp\/v2\/pages\/1744","targetHints":{"allow":["GET"]}}],"collection":[{"href":"https:\/\/samburesti.com\/en\/wp-json\/wp\/v2\/pages"}],"about":[{"href":"https:\/\/samburesti.com\/en\/wp-json\/wp\/v2\/types\/page"}],"author":[{"embeddable":true,"href":"https:\/\/samburesti.com\/en\/wp-json\/wp\/v2\/users\/2"}],"replies":[{"embeddable":true,"href":"https:\/\/samburesti.com\/en\/wp-json\/wp\/v2\/comments?post=1744"}],"version-history":[{"count":0,"href":"https:\/\/samburesti.com\/en\/wp-json\/wp\/v2\/pages\/1744\/revisions"}],"wp:attachment":[{"href":"https:\/\/samburesti.com\/en\/wp-json\/wp\/v2\/media?parent=1744"}],"curies":[{"name":"wp","href":"https:\/\/api.w.org\/{rel}","templated":true}]}}